{"id":17647,"date":"2022-08-29T04:53:04","date_gmt":"2022-08-29T01:53:04","guid":{"rendered":"https:\/\/themisbeach.gr\/contactez-nous\/"},"modified":"2025-09-01T16:40:13","modified_gmt":"2025-09-01T13:40:13","slug":"contactez-nous","status":"publish","type":"page","link":"https:\/\/themisbeach.gr\/fr\/contactez-nous\/","title":{"rendered":"Contactez\u2011nous"},"content":{"rendered":"\t\t<div data-elementor-type=\"wp-page\" data-elementor-id=\"17647\" class=\"elementor elementor-17647 elementor-243\" data-elementor-post-type=\"page\">\n\t\t\t\t        <section class=\"elementor-section elementor-top-section elementor-element elementor-element-114beef elementor-section-full_width elementor-section-content-middle elementor-section-height-default elementor-section-height-default pxl-section-offset-none pxl-section-static-pos-no pxl-section-overflow-hidden-no pxl-container-margin-auto-no\" data-id=\"114beef\" data-element_type=\"section\" data-e-type=\"section\">\n\n                \n                <div class=\"elementor-container elementor-column-gap-no \">\n                <div class=\"elementor-column elementor-col-50 elementor-top-column elementor-element elementor-element-fbd04b9 col-offset-none pxl-column-element-default pxl-column-overflow-hidden-no\" data-id=\"fbd04b9\" data-element_type=\"column\" data-e-type=\"column\">\r\n        <div class=\"elementor-widget-wrap elementor-element-populated\">\r\n                    \t\t<div class=\"elementor-element elementor-element-42244fd elementor-widget elementor-widget-google_maps\" data-id=\"42244fd\" data-element_type=\"widget\" data-e-type=\"widget\" data-widget_type=\"google_maps.default\">\n\t\t\t\t<div class=\"elementor-widget-container\">\n\t\t\t\t\t\t\t<div class=\"elementor-custom-embed\">\n\t\t\t<iframe loading=\"lazy\"\n\t\t\t\t\tsrc=\"https:\/\/maps.google.com\/maps?q=Themis%20Beach%20Hotel&#038;t=m&#038;z=15&#038;output=embed&#038;iwloc=near\"\n\t\t\t\t\ttitle=\"Themis Beach Hotel\"\n\t\t\t\t\taria-label=\"Themis Beach Hotel\"\n\t\t\t><\/iframe>\n\t\t<\/div>\n\t\t\t\t\t\t<\/div>\n\t\t\t\t<\/div>\n\t\t                    <\/div>\r\n        <\/div>\r\n                <div class=\"elementor-column elementor-col-50 elementor-top-column elementor-element elementor-element-2aaea6f col-offset-none pxl-column-element-default pxl-column-overflow-hidden-no\" data-id=\"2aaea6f\" data-element_type=\"column\" data-e-type=\"column\">\r\n        <div class=\"elementor-widget-wrap elementor-element-populated\">\r\n                    \t\t<div class=\"elementor-element elementor-element-a891a16 elementor-widget elementor-widget-pxl_text_editor\" data-id=\"a891a16\" data-element_type=\"widget\" data-e-type=\"widget\" data-widget_type=\"pxl_text_editor.default\">\n\t\t\t\t<div class=\"elementor-widget-container\">\n\t\t\t\t\t<div id=\"pxl_text_editor-a891a16-3645\" class=\"pxl-text-editor-wrap d-flex \" >\n\t<div class=\"pxl-text-editor elementor-clearfix\">\n\t\t<h3>Que vous soyez pr\u00eat \u00e0 r\u00e9server ou que vous ayez simplement une question, nous serions ravis de vous entendre. N\u2019h\u00e9sitez pas \u00e0 nous contacter pour conna\u00eetre les disponibilit\u00e9s, les tarifs ou toute information concernant vos vacances \u00e0 Kokkini Hani.<\/h3>\t\t\n\t<\/div>\n<\/div>\t\t\t\t<\/div>\n\t\t\t\t<\/div>\n\t\t\t\t<div class=\"elementor-element elementor-element-aecd21e pxl-contact-info-layout-1 elementor-invisible pxl-elementor-animate elementor-widget elementor-widget-pxl_contact_info\" data-id=\"aecd21e\" data-element_type=\"widget\" data-e-type=\"widget\" data-settings=\"{&quot;_animation&quot;:&quot;fadeInUp&quot;}\" data-widget_type=\"pxl_contact_info.default\">\n\t\t\t\t<div class=\"elementor-widget-container\">\n\t\t\t\t\t<div class=\"pxl-ci-wrap layout-1 relative \">\r\n\t<div class=\"ci-content-wrap d-flex align-items-center\">\r\n\t\t            <div class=\"ci-icon\">\r\n                <span aria-hidden=\"true\" class=\"pxl-icon cmli cmli-noun-location\"><\/span>            <\/div>\r\n        \t\t<div class=\"ci-content\">\r\n\t\t\t\t\t\t\t<h4 class=\"ci-title\">Notre adresse<\/h4> \r\n\t\t\t\t\t\t\t\t\t\t<div class=\"ci-desc\">Kokkini Hani, 71500 H\u00e9raklion,<br \/>\nCr\u00e8te, Gr\u00e8ce<\/div> \r\n\t\t\t\t\t\t\t\t<\/div>\r\n\t<\/div>\r\n<\/div>\t\t\t\t<\/div>\n\t\t\t\t<\/div>\n\t\t\t\t<div class=\"elementor-element elementor-element-57ee580 pxl-contact-info-layout-1 elementor-invisible pxl-elementor-animate elementor-widget elementor-widget-pxl_contact_info\" data-id=\"57ee580\" data-element_type=\"widget\" data-e-type=\"widget\" data-settings=\"{&quot;_animation&quot;:&quot;fadeInUp&quot;}\" data-widget_type=\"pxl_contact_info.default\">\n\t\t\t\t<div class=\"elementor-widget-container\">\n\t\t\t\t\t<div class=\"pxl-ci-wrap layout-1 relative \">\r\n\t<div class=\"ci-content-wrap d-flex align-items-center\">\r\n\t\t            <div class=\"ci-icon\">\r\n                <span aria-hidden=\"true\" class=\"pxl-icon cmli cmli-noun-bell\"><\/span>            <\/div>\r\n        \t\t<div class=\"ci-content\">\r\n\t\t\t\t\t\t\t<h4 class=\"ci-title\">Contact<\/h4> \r\n\t\t\t\t\t\t\t\t\t\t<div class=\"ci-desc\">T\u00e9l\u00e9phone: <a href=\"tel:302810761412\">+30 2810 761412<\/a> <br \/>\nEmail: <a href=\"mailto:reservations@themisbeach.gr\">reservations@themisbeach.gr<\/a><\/div> \r\n\t\t\t\t\t\t\t\t<\/div>\r\n\t<\/div>\r\n<\/div>\t\t\t\t<\/div>\n\t\t\t\t<\/div>\n\t\t\t\t<div class=\"elementor-element elementor-element-2e2aecb pxl-contact-info-layout-1 elementor-invisible pxl-elementor-animate elementor-widget elementor-widget-pxl_contact_info\" data-id=\"2e2aecb\" data-element_type=\"widget\" data-e-type=\"widget\" data-settings=\"{&quot;_animation&quot;:&quot;fadeInUp&quot;}\" data-widget_type=\"pxl_contact_info.default\">\n\t\t\t\t<div class=\"elementor-widget-container\">\n\t\t\t\t\t<div class=\"pxl-ci-wrap layout-1 relative \">\r\n\t<div class=\"ci-content-wrap d-flex align-items-center\">\r\n\t\t            <div class=\"ci-icon\">\r\n                <span aria-hidden=\"true\" class=\"pxl-icon cmli cmli-noun-talk\"><\/span>            <\/div>\r\n        \t\t<div class=\"ci-content\">\r\n\t\t\t\t\t\t\t<h4 class=\"ci-title\">R\u00e9seaux sociaux<\/h4> \r\n\t\t\t\t\t\t\t\t\t\t<div class=\"ci-desc\">Restez en contact et suivez-nous sur les r\u00e9seaux sociaux<\/div> \r\n\t\t\t\t\t\t\t\t\t\t<div class=\"ci-social d-flex margin gx-12\">\r\n\t\t\t\t<a aria-hidden=\"true\" class=\"social-item pxl-icon fab fa-facebook-f\" href=\"https:\/\/www.facebook.com\/themisbeachhotel\/\" target=\"_blank\"><\/a>\t\t\t\t<\/div>\r\n\t\t\t\t\t<\/div>\r\n\t<\/div>\r\n<\/div>\t\t\t\t<\/div>\n\t\t\t\t<\/div>\n\t\t\t\t<div class=\"elementor-element elementor-element-4969233 elementor-widget elementor-widget-pxl_text_editor\" data-id=\"4969233\" data-element_type=\"widget\" data-e-type=\"widget\" data-widget_type=\"pxl_text_editor.default\">\n\t\t\t\t<div class=\"elementor-widget-container\">\n\t\t\t\t\t<div id=\"pxl_text_editor-4969233-9737\" class=\"pxl-text-editor-wrap d-flex \" >\n\t<div class=\"pxl-text-editor elementor-clearfix\">\n\t\t<h5>La r\u00e9ception est disponible 24h\/24 et 7j\/7.<\/h5><h5>Pour les transferts, les demandes d\u2019arriv\u00e9e anticip\u00e9e ou de d\u00e9part tardif, merci de nous contacter \u00e0 l\u2019avance.<\/h5>\t\t\n\t<\/div>\n<\/div>\t\t\t\t<\/div>\n\t\t\t\t<\/div>\n\t\t                    <\/div>\r\n        <\/div>\r\n        \t\t\t<\/div>\n\t\t<\/section>\n\t\t        <section class=\"elementor-section elementor-top-section elementor-element elementor-element-8e2eec4 elementor-section-boxed elementor-section-height-default elementor-section-height-default pxl-section-static-pos-no pxl-section-overflow-hidden-no pxl-container-margin-auto-no\" data-id=\"8e2eec4\" data-element_type=\"section\" data-e-type=\"section\" data-settings=\"{&quot;background_background&quot;:&quot;classic&quot;}\">\n\n                \n                <div class=\"elementor-container elementor-column-gap-default \">\n                <div class=\"elementor-column elementor-col-100 elementor-top-column elementor-element elementor-element-3dd503e col-offset-none pxl-column-element-default pxl-column-overflow-hidden-no elementor-invisible pxl-elementor-animate\" data-id=\"3dd503e\" data-element_type=\"column\" data-e-type=\"column\" data-settings=\"{&quot;animation&quot;:&quot;fadeInUp&quot;}\">\r\n        <div class=\"elementor-widget-wrap elementor-element-populated\">\r\n                    \t\t<div class=\"elementor-element elementor-element-93cbcd3 elementor-widget elementor-widget-pxl_heading\" data-id=\"93cbcd3\" data-element_type=\"widget\" data-e-type=\"widget\" data-widget_type=\"pxl_heading.default\">\n\t\t\t\t<div class=\"elementor-widget-container\">\n\t\t\t\t\t<div class=\"pxl-heading-wrap d-flex\">\n    <div class=\"pxl-heading-inner center \">\n                <h2 class=\"heading-title\">\n                        Faites-nous savoir comment nous pouvons vous aider !         <\/h2>\n            <\/div>\n<\/div>\n\n\t\t\t\t<\/div>\n\t\t\t\t<\/div>\n\t\t\t\t<div class=\"elementor-element elementor-element-b305784 elementor-widget elementor-widget-pxl_contact_form\" data-id=\"b305784\" data-element_type=\"widget\" data-e-type=\"widget\" data-widget_type=\"pxl_contact_form.default\">\n\t\t\t\t<div class=\"elementor-widget-container\">\n\t\t\t\t\t<div class=\"pxl-cf7-wrap relative \">\r\n    \n<div class=\"wpcf7 no-js\" id=\"wpcf7-f906-o1\" lang=\"en-US\" dir=\"ltr\" data-wpcf7-id=\"906\">\n<div class=\"screen-reader-response\"><p role=\"status\" aria-live=\"polite\" aria-atomic=\"true\"><\/p> <ul><\/ul><\/div>\n<form action=\"\/fr\/wp-json\/wp\/v2\/pages\/17647#wpcf7-f906-o1\" method=\"post\" class=\"wpcf7-form init\" aria-label=\"Contact form\" novalidate=\"novalidate\" data-status=\"init\">\n<fieldset class=\"hidden-fields-container\"><input type=\"hidden\" name=\"_wpcf7\" value=\"906\" \/><input type=\"hidden\" name=\"_wpcf7_version\" value=\"6.1.5\" \/><input type=\"hidden\" name=\"_wpcf7_locale\" value=\"en_US\" \/><input type=\"hidden\" name=\"_wpcf7_unit_tag\" value=\"wpcf7-f906-o1\" \/><input type=\"hidden\" name=\"_wpcf7_container_post\" value=\"0\" \/><input type=\"hidden\" name=\"_wpcf7_posted_data_hash\" value=\"\" \/>\n<\/fieldset>\n<div class=\"contact-form-main\">\n\t<div class=\"row\">\n\t\t<div class=\"col-12 col-lg-6\">\n\t\t\t<div class=\"control-item\">\n\t\t\t\t<p><label>Name*<\/label><span class=\"wpcf7-form-control-wrap\" data-name=\"your-name\"><input size=\"40\" maxlength=\"400\" class=\"wpcf7-form-control wpcf7-text wpcf7-validates-as-required\" aria-required=\"true\" aria-invalid=\"false\" placeholder=\"Your Name\" value=\"\" type=\"text\" name=\"your-name\" \/><\/span>\n\t\t\t\t<\/p>\n\t\t\t<\/div>\n\t\t\t<div class=\"control-item\">\n\t\t\t\t<p><label>Email*<\/label><span class=\"wpcf7-form-control-wrap\" data-name=\"your-email\"><input size=\"40\" maxlength=\"400\" class=\"wpcf7-form-control wpcf7-email wpcf7-validates-as-required wpcf7-text wpcf7-validates-as-email\" aria-required=\"true\" aria-invalid=\"false\" placeholder=\"Your E-mail\" value=\"\" type=\"email\" name=\"your-email\" \/><\/span>\n\t\t\t\t<\/p>\n\t\t\t<\/div>\n\t\t\t<div class=\"control-item\">\n\t\t\t\t<p><label>Phone Number*<\/label><br \/>\n<span class=\"wpcf7-form-control-wrap\" data-name=\"phone-number\"><input size=\"40\" maxlength=\"400\" class=\"wpcf7-form-control wpcf7-text wpcf7-validates-as-required\" aria-required=\"true\" aria-invalid=\"false\" placeholder=\"Phone Number\" value=\"\" type=\"text\" name=\"phone-number\" \/><\/span>\n\t\t\t\t<\/p>\n\t\t\t<\/div>\n\t\t\t<div class=\"control-item\">\n\t\t\t\t<div class=\"form-check form-check-inline\">\n\t\t\t\t\t<p><input class=\"form-check-input\" type=\"checkbox\" id=\"inlineCheckbox1\" value=\"option1\" \/><label class=\"form-check-label\" for=\"inlineCheckbox1\">I consent to Themis Beach Hotel collecting my details through this form.<\/label>\n\t\t\t\t\t<\/p>\n\t\t\t\t<\/div>\n\t\t\t<\/div>\n\t\t<\/div>\n\t\t<div class=\"col-12 col-lg-6\">\n\t\t\t<div class=\"control-item\">\n\t\t\t\t<p><label>Message*<\/label><br \/>\n<span class=\"wpcf7-form-control-wrap\" data-name=\"your-message\"><textarea cols=\"40\" rows=\"10\" maxlength=\"2000\" class=\"wpcf7-form-control wpcf7-textarea wpcf7-validates-as-required\" aria-required=\"true\" aria-invalid=\"false\" placeholder=\"Your Message\" name=\"your-message\"><\/textarea><\/span>\n\t\t\t\t<\/p>\n\t\t\t<\/div>\n\t\t\t<div class=\"control-item btn-form\">\n\t\t\t\t<p><button class=\"pxl-btn\" type=\"submit\">Send a Message<\/button>\n\t\t\t\t<\/p>\n\t\t\t<\/div>\n\t\t<\/div>\n\t<\/div>\n<\/div><input type='hidden' class='wpcf7-pum' value='{\"closepopup\":false,\"closedelay\":0,\"openpopup\":false,\"openpopup_id\":0}' \/><div class=\"wpcf7-response-output\" aria-hidden=\"true\"><\/div>\n<\/form>\n<\/div>\n \r\n<\/div>\t\t\t\t<\/div>\n\t\t\t\t<\/div>\n\t\t                    <\/div>\r\n        <\/div>\r\n        \t\t\t<\/div>\n\t\t<\/section>\n\t\t\t\t<\/div>\n\t\t","protected":false},"excerpt":{"rendered":"<p>Que vous soyez pr\u00eat \u00e0 r\u00e9server ou que vous ayez simplement une question, nous serions ravis de vous entendre. N\u2019h\u00e9sitez pas \u00e0 nous contacter pour conna\u00eetre les disponibilit\u00e9s, les tarifs ou toute information concernant vos vacances \u00e0 Kokkini Hani. Notre adresse Kokkini Hani, 71500 H\u00e9raklion, Cr\u00e8te, Gr\u00e8ce Contact T\u00e9l\u00e9phone: +30 2810 761412 Email: reservations@themisbeach.gr R\u00e9seaux [&hellip;]<\/p>\n","protected":false},"author":2,"featured_media":0,"parent":0,"menu_order":0,"comment_status":"closed","ping_status":"closed","template":"","meta":{"footnotes":""},"class_list":["post-17647","page","type-page","status-publish","hentry"],"yoast_head":"<!-- This site is optimized with the Yoast SEO plugin v27.0 - https:\/\/yoast.com\/product\/yoast-seo-wordpress\/ -->\n<title>Contactez\u2011nous - Themis Beach Hotel Heraklion<\/title>\n<meta name=\"robots\" content=\"index, follow, max-snippet:-1, max-image-preview:large, max-video-preview:-1\" \/>\n<link rel=\"canonical\" href=\"https:\/\/themisbeach.gr\/fr\/contactez-nous\/\" \/>\n<meta property=\"og:locale\" content=\"fr_FR\" \/>\n<meta property=\"og:type\" content=\"article\" \/>\n<meta property=\"og:title\" content=\"Themis Beach Hotel H\u00e9raklion\" \/>\n<meta property=\"og:description\" content=\"\u00c0 seulement 10 km de l\u2019a\u00e9roport d\u2019H\u00e9raklion, Themis Beach Hotel \u00e0 Kokkini Hani est un h\u00f4tel 4 \u00e9toiles \u00e0 gestion familiale, situ\u00e9 directement sur une plage labellis\u00e9e Pavillon Bleu. Con\u00e7u dans le style cr\u00e9tois traditionnel, l\u2019h\u00f4tel propose 157 chambres avec des \u00e9quipements modernes et un service chaleureux Des piscines aux terrains de sport, en passant par les restaurants, les bars et les espaces r\u00e9serv\u00e9s aux familles, tout est \u00e0 port\u00e9e de main, cr\u00e9ant une atmosph\u00e8re d\u00e9tendue pour les couples comme pour les familles.\" \/>\n<meta property=\"og:url\" content=\"https:\/\/themisbeach.gr\/fr\/contactez-nous\/\" \/>\n<meta property=\"og:site_name\" content=\"Themis Beach Hotel Heraklion\" \/>\n<meta property=\"article:publisher\" content=\"https:\/\/www.facebook.com\/themisbeachhotel\" \/>\n<meta property=\"article:modified_time\" content=\"2025-09-01T13:40:13+00:00\" \/>\n<meta property=\"og:image\" content=\"https:\/\/themisbeach.gr\/wp-content\/uploads\/2025\/07\/DJI_20250611201738_0169_D-HDR-Enhanced-NR-740x574.webp\" \/>\n<meta name=\"twitter:card\" content=\"summary_large_image\" \/>\n<meta name=\"twitter:label1\" content=\"Dur\u00e9e de lecture estim\u00e9e\" \/>\n\t<meta name=\"twitter:data1\" content=\"1 minute\" \/>\n<script type=\"application\/ld+json\" class=\"yoast-schema-graph\">{\"@context\":\"https:\/\/schema.org\",\"@graph\":[{\"@type\":\"WebPage\",\"@id\":\"https:\/\/themisbeach.gr\/fr\/contactez-nous\/\",\"url\":\"https:\/\/themisbeach.gr\/fr\/contactez-nous\/\",\"name\":\"Contactez\u2011nous - Themis Beach Hotel Heraklion\",\"isPartOf\":{\"@id\":\"https:\/\/themisbeach.gr\/fr\/#website\"},\"datePublished\":\"2022-08-29T01:53:04+00:00\",\"dateModified\":\"2025-09-01T13:40:13+00:00\",\"breadcrumb\":{\"@id\":\"https:\/\/themisbeach.gr\/fr\/contactez-nous\/#breadcrumb\"},\"inLanguage\":\"fr-FR\",\"potentialAction\":[{\"@type\":\"ReadAction\",\"target\":[\"https:\/\/themisbeach.gr\/fr\/contactez-nous\/\"]}]},{\"@type\":\"BreadcrumbList\",\"@id\":\"https:\/\/themisbeach.gr\/fr\/contactez-nous\/#breadcrumb\",\"itemListElement\":[{\"@type\":\"ListItem\",\"position\":1,\"name\":\"Accueil\",\"item\":\"https:\/\/themisbeach.gr\/fr\/\"},{\"@type\":\"ListItem\",\"position\":2,\"name\":\"Contactez\u2011nous\"}]},{\"@type\":\"WebSite\",\"@id\":\"https:\/\/themisbeach.gr\/fr\/#website\",\"url\":\"https:\/\/themisbeach.gr\/fr\/\",\"name\":\"Themis Beach Hotel Heraklion\",\"description\":\"Beachfront Hotel in Crete\",\"publisher\":{\"@id\":\"https:\/\/themisbeach.gr\/fr\/#organization\"},\"potentialAction\":[{\"@type\":\"SearchAction\",\"target\":{\"@type\":\"EntryPoint\",\"urlTemplate\":\"https:\/\/themisbeach.gr\/fr\/?s={search_term_string}\"},\"query-input\":{\"@type\":\"PropertyValueSpecification\",\"valueRequired\":true,\"valueName\":\"search_term_string\"}}],\"inLanguage\":\"fr-FR\"},{\"@type\":\"Organization\",\"@id\":\"https:\/\/themisbeach.gr\/fr\/#organization\",\"name\":\"Themis Beach Hotel H\u00e9raklion\",\"url\":\"https:\/\/themisbeach.gr\/fr\/\",\"logo\":{\"@type\":\"ImageObject\",\"inLanguage\":\"fr-FR\",\"@id\":\"https:\/\/themisbeach.gr\/fr\/#\/schema\/logo\/image\/\",\"url\":\"https:\/\/themisbeach.gr\/wp-content\/uploads\/2024\/03\/logo-themis-gold.png\",\"contentUrl\":\"https:\/\/themisbeach.gr\/wp-content\/uploads\/2024\/03\/logo-themis-gold.png\",\"width\":150,\"height\":70,\"caption\":\"Themis Beach Hotel H\u00e9raklion\"},\"image\":{\"@id\":\"https:\/\/themisbeach.gr\/fr\/#\/schema\/logo\/image\/\"},\"sameAs\":[\"https:\/\/www.facebook.com\/themisbeachhotel\"]}]}<\/script>\n<!-- \/ Yoast SEO plugin. -->","yoast_head_json":{"title":"Contactez\u2011nous - Themis Beach Hotel Heraklion","robots":{"index":"index","follow":"follow","max-snippet":"max-snippet:-1","max-image-preview":"max-image-preview:large","max-video-preview":"max-video-preview:-1"},"canonical":"https:\/\/themisbeach.gr\/fr\/contactez-nous\/","og_locale":"fr_FR","og_type":"article","og_title":"Themis Beach Hotel H\u00e9raklion","og_description":"\u00c0 seulement 10 km de l\u2019a\u00e9roport d\u2019H\u00e9raklion, Themis Beach Hotel \u00e0 Kokkini Hani est un h\u00f4tel 4 \u00e9toiles \u00e0 gestion familiale, situ\u00e9 directement sur une plage labellis\u00e9e Pavillon Bleu. Con\u00e7u dans le style cr\u00e9tois traditionnel, l\u2019h\u00f4tel propose 157 chambres avec des \u00e9quipements modernes et un service chaleureux Des piscines aux terrains de sport, en passant par les restaurants, les bars et les espaces r\u00e9serv\u00e9s aux familles, tout est \u00e0 port\u00e9e de main, cr\u00e9ant une atmosph\u00e8re d\u00e9tendue pour les couples comme pour les familles.","og_url":"https:\/\/themisbeach.gr\/fr\/contactez-nous\/","og_site_name":"Themis Beach Hotel Heraklion","article_publisher":"https:\/\/www.facebook.com\/themisbeachhotel","article_modified_time":"2025-09-01T13:40:13+00:00","og_image":[{"url":"https:\/\/themisbeach.gr\/wp-content\/uploads\/2025\/07\/DJI_20250611201738_0169_D-HDR-Enhanced-NR-740x574.webp","type":"","width":"","height":""}],"twitter_card":"summary_large_image","twitter_misc":{"Dur\u00e9e de lecture estim\u00e9e":"1 minute"},"schema":{"@context":"https:\/\/schema.org","@graph":[{"@type":"WebPage","@id":"https:\/\/themisbeach.gr\/fr\/contactez-nous\/","url":"https:\/\/themisbeach.gr\/fr\/contactez-nous\/","name":"Contactez\u2011nous - Themis Beach Hotel Heraklion","isPartOf":{"@id":"https:\/\/themisbeach.gr\/fr\/#website"},"datePublished":"2022-08-29T01:53:04+00:00","dateModified":"2025-09-01T13:40:13+00:00","breadcrumb":{"@id":"https:\/\/themisbeach.gr\/fr\/contactez-nous\/#breadcrumb"},"inLanguage":"fr-FR","potentialAction":[{"@type":"ReadAction","target":["https:\/\/themisbeach.gr\/fr\/contactez-nous\/"]}]},{"@type":"BreadcrumbList","@id":"https:\/\/themisbeach.gr\/fr\/contactez-nous\/#breadcrumb","itemListElement":[{"@type":"ListItem","position":1,"name":"Accueil","item":"https:\/\/themisbeach.gr\/fr\/"},{"@type":"ListItem","position":2,"name":"Contactez\u2011nous"}]},{"@type":"WebSite","@id":"https:\/\/themisbeach.gr\/fr\/#website","url":"https:\/\/themisbeach.gr\/fr\/","name":"Themis Beach Hotel Heraklion","description":"Beachfront Hotel in Crete","publisher":{"@id":"https:\/\/themisbeach.gr\/fr\/#organization"},"potentialAction":[{"@type":"SearchAction","target":{"@type":"EntryPoint","urlTemplate":"https:\/\/themisbeach.gr\/fr\/?s={search_term_string}"},"query-input":{"@type":"PropertyValueSpecification","valueRequired":true,"valueName":"search_term_string"}}],"inLanguage":"fr-FR"},{"@type":"Organization","@id":"https:\/\/themisbeach.gr\/fr\/#organization","name":"Themis Beach Hotel H\u00e9raklion","url":"https:\/\/themisbeach.gr\/fr\/","logo":{"@type":"ImageObject","inLanguage":"fr-FR","@id":"https:\/\/themisbeach.gr\/fr\/#\/schema\/logo\/image\/","url":"https:\/\/themisbeach.gr\/wp-content\/uploads\/2024\/03\/logo-themis-gold.png","contentUrl":"https:\/\/themisbeach.gr\/wp-content\/uploads\/2024\/03\/logo-themis-gold.png","width":150,"height":70,"caption":"Themis Beach Hotel H\u00e9raklion"},"image":{"@id":"https:\/\/themisbeach.gr\/fr\/#\/schema\/logo\/image\/"},"sameAs":["https:\/\/www.facebook.com\/themisbeachhotel"]}]}},"_links":{"self":[{"href":"https:\/\/themisbeach.gr\/fr\/wp-json\/wp\/v2\/pages\/17647","targetHints":{"allow":["GET"]}}],"collection":[{"href":"https:\/\/themisbeach.gr\/fr\/wp-json\/wp\/v2\/pages"}],"about":[{"href":"https:\/\/themisbeach.gr\/fr\/wp-json\/wp\/v2\/types\/page"}],"author":[{"embeddable":true,"href":"https:\/\/themisbeach.gr\/fr\/wp-json\/wp\/v2\/users\/2"}],"replies":[{"embeddable":true,"href":"https:\/\/themisbeach.gr\/fr\/wp-json\/wp\/v2\/comments?post=17647"}],"version-history":[{"count":10,"href":"https:\/\/themisbeach.gr\/fr\/wp-json\/wp\/v2\/pages\/17647\/revisions"}],"predecessor-version":[{"id":18223,"href":"https:\/\/themisbeach.gr\/fr\/wp-json\/wp\/v2\/pages\/17647\/revisions\/18223"}],"wp:attachment":[{"href":"https:\/\/themisbeach.gr\/fr\/wp-json\/wp\/v2\/media?parent=17647"}],"curies":[{"name":"wp","href":"https:\/\/api.w.org\/{rel}","templated":true}]}}